{"id":34,"date":"2015-08-15T14:00:17","date_gmt":"2015-08-15T14:00:17","guid":{"rendered":"http:\/\/pwv-frankenthal.de\/?page_id=34"},"modified":"2020-03-11T10:02:08","modified_gmt":"2020-03-11T10:02:08","slug":"kontakt","status":"publish","type":"page","link":"http:\/\/pwv-frankenthal.de\/?page_id=34","title":{"rendered":"Kontakt"},"content":{"rendered":"<p>Pf\u00e4lzerwald-Verein Ortsgruppe Frankenthal e.V.<br \/>\nz. Hd. Dieter Gl\u00f6ckner<br \/>\nNeu\u00f6ttinger Str. 6<br \/>\n67246 Dirmstein<\/p>\n<p>EMail: <span style=\"color: #ff0000;\">dieter.gloeckner.1@gmx.de<\/span><\/p>\n<p>EMail: \u00a0 <span style=\"text-decoration: underline; color: #ff0000;\"><a style=\"color: #ff0000;\" href=\"mailto:webmaster@pwv-frankenthal.de\">webmaster@pwv-frankenthal.de<\/a><\/span><br \/>\nEMail: \u00a0 <span style=\"text-decoration: underline; color: #ff0000;\"><a style=\"color: #ff0000; text-decoration: underline;\" href=\"mailto:dieter.gloeckner.1@gmx.de\">dieter.gloeckner.1@gmx.de<\/a><\/span><\/p>\n<p>Bankverbindung:<br \/>\nSparkasse Rhein Haardt<br \/>\nIBAN DE75 5465 1240 0240 0516 56<\/p>\n","protected":false},"excerpt":{"rendered":"<p>Pf\u00e4lzerwald-Verein Ortsgruppe Frankenthal e.V. z. Hd. Dieter Gl\u00f6ckner Neu\u00f6ttinger Str. 6 67246 Dirmstein EMail: dieter.gloeckner.1@gmx.de EMail: \u00a0 webmaster@pwv-frankenthal.de EMail: \u00a0 dieter.gloeckner.1@gmx.de Bankverbindung: Sparkasse Rhein Haardt IBAN DE75 5465 1240 0240 0516 56<\/p>\n","protected":false},"author":1,"featured_media":0,"parent":0,"menu_order":0,"comment_status":"open","ping_status":"open","template":"","meta":{"footnotes":""},"class_list":["post-34","page","type-page","status-publish","hentry"],"_links":{"self":[{"href":"http:\/\/pwv-frankenthal.de\/index.php?rest_route=\/wp\/v2\/pages\/34","targetHints":{"allow":["GET"]}}],"collection":[{"href":"http:\/\/pwv-frankenthal.de\/index.php?rest_route=\/wp\/v2\/pages"}],"about":[{"href":"http:\/\/pwv-frankenthal.de\/index.php?rest_route=\/wp\/v2\/types\/page"}],"author":[{"embeddable":true,"href":"http:\/\/pwv-frankenthal.de\/index.php?rest_route=\/wp\/v2\/users\/1"}],"replies":[{"embeddable":true,"href":"http:\/\/pwv-frankenthal.de\/index.php?rest_route=%2Fwp%2Fv2%2Fcomments&post=34"}],"version-history":[{"count":17,"href":"http:\/\/pwv-frankenthal.de\/index.php?rest_route=\/wp\/v2\/pages\/34\/revisions"}],"predecessor-version":[{"id":845,"href":"http:\/\/pwv-frankenthal.de\/index.php?rest_route=\/wp\/v2\/pages\/34\/revisions\/845"}],"wp:attachment":[{"href":"http:\/\/pwv-frankenthal.de\/index.php?rest_route=%2Fwp%2Fv2%2Fmedia&parent=34"}],"curies":[{"name":"wp","href":"https:\/\/api.w.org\/{rel}","templated":true}]}}